{"id":3,"date":"2025-05-06T09:07:39","date_gmt":"2025-05-06T09:07:39","guid":{"rendered":"https:\/\/sdpclimaven.com\/?page_id=3"},"modified":"2025-07-30T14:20:55","modified_gmt":"2025-07-30T14:20:55","slug":"privacy-policy","status":"publish","type":"page","link":"https:\/\/sdpclimaven.com\/index.php\/privacy-policy\/","title":{"rendered":"Pol\u00edtica de privacidad"},"content":{"rendered":"\n<h2 class=\"wp-block-heading\">Protecci\u00f3n de datos<\/h2>\n\n\n\n<p>En cumplimiento de lo establecido en la Ley Org\u00e1nica 3\/2018, de 5 de diciembre, de Protecci\u00f3n de Datos Personales y garant\u00eda de los derechos digitales te informamos que mediante la cumplimentaci\u00f3n del presente formulario est\u00e1s dando el consentimiento expreso a que sus datos personales queden incorporados y sean tratados en un fichero de SDP Climaven con la finalidad de poder gestionar tu solicitud.<\/p>\n\n\n\n<p>Este fichero ser\u00e1 gestionado por SDP Climaven, y ser\u00e1 debidamente gestionado y protegido conforme a la legislaci\u00f3n vigente.<\/p>\n\n\n\n<p>Asimismo, salvo que se manifieste expresamente lo contrario, se podr\u00e1n utilizar sus datos personales para mantenerte informado de noticias y novedades relacionadas con nuestros servicios.<\/p>\n\n\n\n<p>Garantizamos que bajo ning\u00fan concepto, estos datos ser\u00e1n compartidos o cedidos a terceros e informamos de la posibilidad de ejercer sus derechos de acceso, rectificaci\u00f3n, cancelaci\u00f3n y oposici\u00f3n ante SDP Climaven, remitiendo su solicitud a nuestro email: info@sdpclimaven.com.<\/p>\n\n\n\n<p><\/p>\n\n\n\n<h2 class=\"wp-block-heading\">Pol\u00edtica Anti-spam<\/h2>\n\n\n\n<p><\/p>\n\n\n\n<p>SDP Climaven se declara completamente en contra del env\u00edo de comunicaciones comerciales no solicitadas y a cualquier tipo de conducta o manifestaci\u00f3n conocida como spam, asimismo se declara comprometido con la lucha contra este tipo de pr\u00e1cticas abusivas.<\/p>\n\n\n\n<p>El usuario puede ponerse en contacto con nosotros a trav\u00e9s del formulario de contacto o en su defecto, por el email proporcionado en las presentes condiciones legales, para comunicar y\/o informar sobre cualquier irregularidad en lo referente al spam.<\/p>\n\n\n\n<p><\/p>\n\n\n\n<h2 class=\"wp-block-heading\">Alojamiento de los datos<\/h2>\n\n\n\n<p><\/p>\n\n\n\n<p>SDP Climaven se encuentra alojado en los servidores de la empresa ARSYS. La empresa tiene su domicilio en Plaza Santa Ana, 7, 28012 Madrid, Espa\u00f1a.<\/p>\n","protected":false},"excerpt":{"rendered":"<p>Protecci\u00f3n de datos En cumplimiento de lo establecido en la Ley Org\u00e1nica 3\/2018, de 5 de diciembre, de Protecci\u00f3n de Datos Personales y garant\u00eda de los derechos digitales te informamos que mediante la cumplimentaci\u00f3n del presente formulario est\u00e1s dando el consentimiento expreso a que sus&#8230;<\/p>\n","protected":false},"author":1,"featured_media":0,"parent":0,"menu_order":0,"comment_status":"closed","ping_status":"open","template":"","meta":{"content-type":"","footnotes":""},"class_list":["post-3","page","type-page","status-publish","hentry"],"_links":{"self":[{"href":"https:\/\/sdpclimaven.com\/index.php\/wp-json\/wp\/v2\/pages\/3","targetHints":{"allow":["GET"]}}],"collection":[{"href":"https:\/\/sdpclimaven.com\/index.php\/wp-json\/wp\/v2\/pages"}],"about":[{"href":"https:\/\/sdpclimaven.com\/index.php\/wp-json\/wp\/v2\/types\/page"}],"author":[{"embeddable":true,"href":"https:\/\/sdpclimaven.com\/index.php\/wp-json\/wp\/v2\/users\/1"}],"replies":[{"embeddable":true,"href":"https:\/\/sdpclimaven.com\/index.php\/wp-json\/wp\/v2\/comments?post=3"}],"version-history":[{"count":1,"href":"https:\/\/sdpclimaven.com\/index.php\/wp-json\/wp\/v2\/pages\/3\/revisions"}],"predecessor-version":[{"id":8376,"href":"https:\/\/sdpclimaven.com\/index.php\/wp-json\/wp\/v2\/pages\/3\/revisions\/8376"}],"wp:attachment":[{"href":"https:\/\/sdpclimaven.com\/index.php\/wp-json\/wp\/v2\/media?parent=3"}],"curies":[{"name":"wp","href":"https:\/\/api.w.org\/{rel}","templated":true}]}}