{"id":6625,"date":"2023-11-24T11:45:22","date_gmt":"2023-11-24T11:45:22","guid":{"rendered":"https:\/\/bridge510.qodeinteractive.com\/?page_id=6625"},"modified":"2025-09-17T15:35:13","modified_gmt":"2025-09-17T15:35:13","slug":"sdp-climaven","status":"publish","type":"page","link":"https:\/\/sdpclimaven.com\/","title":{"rendered":"SDP Climaven"},"content":{"rendered":"\t\t<div data-elementor-type=\"wp-page\" data-elementor-id=\"6625\" class=\"elementor elementor-6625\">\n\t\t\t\t<div class=\"elementor-element elementor-element-22f03b9 e-con-full e-flex parallax_section_no qode_elementor_container_no e-con e-parent\" data-id=\"22f03b9\" data-element_type=\"container\" data-e-type=\"container\">\n\t\t\t\t<div class=\"elementor-element elementor-element-01f9136 elementor-widget elementor-widget-image\" data-id=\"01f9136\" data-element_type=\"widget\" data-e-type=\"widget\" data-widget_type=\"image.default\">\n\t\t\t\t\t\t\t\t\t\t\t\t\t\t\t<img fetchpriority=\"high\" decoding=\"async\" width=\"1920\" height=\"601\" src=\"https:\/\/sdpclimaven.com\/wp-content\/uploads\/2025\/08\/sdpclimaven-inicio.jpg\" class=\"attachment-full size-full wp-image-8476\" alt=\"\" srcset=\"https:\/\/sdpclimaven.com\/wp-content\/uploads\/2025\/08\/sdpclimaven-inicio.jpg 1920w, https:\/\/sdpclimaven.com\/wp-content\/uploads\/2025\/08\/sdpclimaven-inicio-300x94.jpg 300w, https:\/\/sdpclimaven.com\/wp-content\/uploads\/2025\/08\/sdpclimaven-inicio-1024x321.jpg 1024w, https:\/\/sdpclimaven.com\/wp-content\/uploads\/2025\/08\/sdpclimaven-inicio-768x240.jpg 768w, https:\/\/sdpclimaven.com\/wp-content\/uploads\/2025\/08\/sdpclimaven-inicio-1536x481.jpg 1536w, https:\/\/sdpclimaven.com\/wp-content\/uploads\/2025\/08\/sdpclimaven-inicio-700x219.jpg 700w\" sizes=\"(max-width: 1920px) 100vw, 1920px\" \/>\t\t\t\t\t\t\t\t\t\t\t\t\t\t\t<\/div>\n\t\t\t\t<\/div>\n\t\t<div class=\"elementor-element elementor-element-3849a62 e-con-full qode_elementor_container_inner e-flex parallax_section_no e-con e-parent\" data-id=\"3849a62\" data-element_type=\"container\" data-e-type=\"container\" data-settings=\"{&quot;background_background&quot;:&quot;classic&quot;}\">\n\t\t<div class=\"elementor-element elementor-element-29ac87b e-flex e-con-boxed parallax_section_no qode_elementor_container_no e-con e-child\" data-id=\"29ac87b\" data-element_type=\"container\" data-e-type=\"container\">\n\t\t\t\t\t<div class=\"e-con-inner\">\n\t\t\t\t<div class=\"elementor-element elementor-element-36fba24 elementor-widget elementor-widget-bridge_image_gallery\" data-id=\"36fba24\" data-element_type=\"widget\" data-e-type=\"widget\" data-widget_type=\"bridge_image_gallery.default\">\n\t\t\t\t<div class=\"elementor-widget-container\">\n\t\t\t\t\t<div class=\"qode-image-gallery\"><div class=\"qode-image-gallery-inner\"><div class=\"qode-image-gallery-slides drag_enabled wpb_image_grid\" data-interval=\"\"data-drag=\"true\"><div class=\"gallery_holder\"><ul class=\"gallery_inner   v0\"><li class=\"no_grayscale\"><img decoding=\"async\" src=\"https:\/\/sdpclimaven.com\/wp-content\/uploads\/2025\/07\/sdpclimaven-1.jpg\" \/><\/li><\/ul><\/div><\/div><\/div><\/div>\t\t\t\t<\/div>\n\t\t\t\t<\/div>\n\t\t\t\t\t<\/div>\n\t\t\t\t<\/div>\n\t\t<div class=\"elementor-element elementor-element-995a9c1 e-flex e-con-boxed parallax_section_no qode_elementor_container_no e-con e-child\" data-id=\"995a9c1\" data-element_type=\"container\" data-e-type=\"container\" data-settings=\"{&quot;background_background&quot;:&quot;classic&quot;}\">\n\t\t\t\t\t<div class=\"e-con-inner\">\n\t\t\t\t<div class=\"elementor-element elementor-element-c8e77fe elementor-widget elementor-widget-text-editor\" data-id=\"c8e77fe\" data-element_type=\"widget\" data-e-type=\"widget\" data-widget_type=\"text-editor.default\">\n\t\t\t\t\t\t\t\t\t<h6 class=\"mkdf-st-title\">SERVICIOS DE CALIDAD\n<\/h6>\t\t\t\t\t\t\t\t<\/div>\n\t\t\t\t<div class=\"elementor-element elementor-element-005e6aa elementor-widget elementor-widget-text-editor\" data-id=\"005e6aa\" data-element_type=\"widget\" data-e-type=\"widget\" data-widget_type=\"text-editor.default\">\n\t\t\t\t\t\t\t\t\t<h2 class=\"mkdf-st-title\">Con\u00f3cenos\n<\/h2>\t\t\t\t\t\t\t\t<\/div>\n\t\t\t\t<div class=\"elementor-element elementor-element-b3a8def elementor-widget__width-initial elementor-widget elementor-widget-heading\" data-id=\"b3a8def\" data-element_type=\"widget\" data-e-type=\"widget\" data-widget_type=\"heading.default\">\n\t\t\t\t\t<p class=\"elementor-heading-title elementor-size-default\">S.D.P. CLIMAVEN S.L. fue fundada en 1997 con la intenci\u00f3n de ofrecer un servicio de calidad en la ejecuci\u00f3n de diversas instalaciones hidr\u00e1ulicas tanto en el sector comercial, industrial y residencial.<\/p>\t\t\t\t<\/div>\n\t\t\t\t\t<\/div>\n\t\t\t\t<\/div>\n\t\t\t\t<\/div>\n\t\t<div class=\"elementor-element elementor-element-56f3f21 e-con-full qode_elementor_container_inner e-flex parallax_section_no e-con e-parent\" data-id=\"56f3f21\" data-element_type=\"container\" data-e-type=\"container\">\n\t\t\t\t<div class=\"elementor-element elementor-element-c0647e0 elementor-widget elementor-widget-text-editor\" data-id=\"c0647e0\" data-element_type=\"widget\" data-e-type=\"widget\" data-widget_type=\"text-editor.default\">\n\t\t\t\t\t\t\t\t\t<h1>Servicios<\/h1>\t\t\t\t\t\t\t\t<\/div>\n\t\t<div class=\"elementor-element elementor-element-da0774c e-con-full e-flex parallax_section_no qode_elementor_container_no e-con e-child\" data-id=\"da0774c\" data-element_type=\"container\" data-e-type=\"container\">\n\t\t<div class=\"elementor-element elementor-element-c86d3b6 e-flex e-con-boxed parallax_section_no qode_elementor_container_no e-con e-child\" data-id=\"c86d3b6\" data-element_type=\"container\" data-e-type=\"container\">\n\t\t\t\t\t<div class=\"e-con-inner\">\n\t\t\t\t<div class=\"elementor-element elementor-element-0b09ee3 elementor-widget elementor-widget-image\" data-id=\"0b09ee3\" data-element_type=\"widget\" data-e-type=\"widget\" data-widget_type=\"image.default\">\n\t\t\t\t\t\t\t\t\t\t\t\t\t\t\t<img decoding=\"async\" width=\"1280\" height=\"853\" src=\"https:\/\/sdpclimaven.com\/wp-content\/uploads\/2025\/08\/calefaccion.jpg\" class=\"attachment-full size-full wp-image-8452\" alt=\"\" srcset=\"https:\/\/sdpclimaven.com\/wp-content\/uploads\/2025\/08\/calefaccion.jpg 1280w, https:\/\/sdpclimaven.com\/wp-content\/uploads\/2025\/08\/calefaccion-300x200.jpg 300w, https:\/\/sdpclimaven.com\/wp-content\/uploads\/2025\/08\/calefaccion-1024x682.jpg 1024w, https:\/\/sdpclimaven.com\/wp-content\/uploads\/2025\/08\/calefaccion-768x512.jpg 768w, https:\/\/sdpclimaven.com\/wp-content\/uploads\/2025\/08\/calefaccion-700x466.jpg 700w\" sizes=\"(max-width: 1280px) 100vw, 1280px\" \/>\t\t\t\t\t\t\t\t\t\t\t\t\t\t\t<\/div>\n\t\t\t\t\t<\/div>\n\t\t\t\t<\/div>\n\t\t<div class=\"elementor-element elementor-element-d5e6a36 e-flex e-con-boxed parallax_section_no qode_elementor_container_no e-con e-child\" data-id=\"d5e6a36\" data-element_type=\"container\" data-e-type=\"container\">\n\t\t\t\t\t<div class=\"e-con-inner\">\n\t\t\t\t<div class=\"elementor-element elementor-element-141eea3 elementor-widget elementor-widget-text-editor\" data-id=\"141eea3\" data-element_type=\"widget\" data-e-type=\"widget\" data-widget_type=\"text-editor.default\">\n\t\t\t\t\t\t\t\t\t<h4 class=\"mkdf-st-title\"><span class=\"mkdf-iwt-title-text\">Aire Acondicionado<\/span><\/h4>\t\t\t\t\t\t\t\t<\/div>\n\t\t\t\t\t<\/div>\n\t\t\t\t<\/div>\n\t\t<div class=\"elementor-element elementor-element-c4663c2 e-flex e-con-boxed parallax_section_no qode_elementor_container_no e-con e-child\" data-id=\"c4663c2\" data-element_type=\"container\" data-e-type=\"container\">\n\t\t\t\t\t<div class=\"e-con-inner\">\n\t\t\t\t<div class=\"elementor-element elementor-element-8ff3b39 elementor-widget elementor-widget-image\" data-id=\"8ff3b39\" data-element_type=\"widget\" data-e-type=\"widget\" data-widget_type=\"image.default\">\n\t\t\t\t\t\t\t\t\t\t\t\t\t\t\t<img decoding=\"async\" width=\"1280\" height=\"853\" src=\"https:\/\/sdpclimaven.com\/wp-content\/uploads\/2025\/08\/aire-acondicionado.jpg\" class=\"attachment-full size-full wp-image-8451\" alt=\"\" srcset=\"https:\/\/sdpclimaven.com\/wp-content\/uploads\/2025\/08\/aire-acondicionado.jpg 1280w, https:\/\/sdpclimaven.com\/wp-content\/uploads\/2025\/08\/aire-acondicionado-300x200.jpg 300w, https:\/\/sdpclimaven.com\/wp-content\/uploads\/2025\/08\/aire-acondicionado-1024x682.jpg 1024w, https:\/\/sdpclimaven.com\/wp-content\/uploads\/2025\/08\/aire-acondicionado-768x512.jpg 768w, https:\/\/sdpclimaven.com\/wp-content\/uploads\/2025\/08\/aire-acondicionado-700x466.jpg 700w\" sizes=\"(max-width: 1280px) 100vw, 1280px\" \/>\t\t\t\t\t\t\t\t\t\t\t\t\t\t\t<\/div>\n\t\t\t\t\t<\/div>\n\t\t\t\t<\/div>\n\t\t\t\t<\/div>\n\t\t<div class=\"elementor-element elementor-element-c15cf0a e-con-full e-flex parallax_section_no qode_elementor_container_no e-con e-child\" data-id=\"c15cf0a\" data-element_type=\"container\" data-e-type=\"container\">\n\t\t<div class=\"elementor-element elementor-element-0247613 e-flex e-con-boxed parallax_section_no qode_elementor_container_no e-con e-child\" data-id=\"0247613\" data-element_type=\"container\" data-e-type=\"container\">\n\t\t\t\t\t<div class=\"e-con-inner\">\n\t\t\t\t<div class=\"elementor-element elementor-element-111f36f elementor-widget elementor-widget-text-editor\" data-id=\"111f36f\" data-element_type=\"widget\" data-e-type=\"widget\" data-widget_type=\"text-editor.default\">\n\t\t\t\t\t\t\t\t\t<h4 class=\"mkdf-st-title\"><span class=\"mkdf-iwt-title-text\">CALEFACCI\u00d3N<\/span><\/h4>\t\t\t\t\t\t\t\t<\/div>\n\t\t\t\t\t<\/div>\n\t\t\t\t<\/div>\n\t\t<div class=\"elementor-element elementor-element-5f74b61 e-flex e-con-boxed parallax_section_no qode_elementor_container_no e-con e-child\" data-id=\"5f74b61\" data-element_type=\"container\" data-e-type=\"container\">\n\t\t\t\t\t<div class=\"e-con-inner\">\n\t\t\t\t<div class=\"elementor-element elementor-element-8a40312 elementor-widget elementor-widget-image\" data-id=\"8a40312\" data-element_type=\"widget\" data-e-type=\"widget\" data-widget_type=\"image.default\">\n\t\t\t\t\t\t\t\t\t\t\t\t\t\t\t<img loading=\"lazy\" decoding=\"async\" width=\"1280\" height=\"853\" src=\"https:\/\/sdpclimaven.com\/wp-content\/uploads\/2025\/08\/acs.jpg\" class=\"attachment-full size-full wp-image-8450\" alt=\"\" srcset=\"https:\/\/sdpclimaven.com\/wp-content\/uploads\/2025\/08\/acs.jpg 1280w, https:\/\/sdpclimaven.com\/wp-content\/uploads\/2025\/08\/acs-300x200.jpg 300w, https:\/\/sdpclimaven.com\/wp-content\/uploads\/2025\/08\/acs-1024x682.jpg 1024w, https:\/\/sdpclimaven.com\/wp-content\/uploads\/2025\/08\/acs-768x512.jpg 768w, https:\/\/sdpclimaven.com\/wp-content\/uploads\/2025\/08\/acs-700x466.jpg 700w\" sizes=\"(max-width: 1280px) 100vw, 1280px\" \/>\t\t\t\t\t\t\t\t\t\t\t\t\t\t\t<\/div>\n\t\t\t\t\t<\/div>\n\t\t\t\t<\/div>\n\t\t<div class=\"elementor-element elementor-element-da6217d e-flex e-con-boxed parallax_section_no qode_elementor_container_no e-con e-child\" data-id=\"da6217d\" data-element_type=\"container\" data-e-type=\"container\">\n\t\t\t\t\t<div class=\"e-con-inner\">\n\t\t\t\t<div class=\"elementor-element elementor-element-a71f42a elementor-widget elementor-widget-text-editor\" data-id=\"a71f42a\" data-element_type=\"widget\" data-e-type=\"widget\" data-widget_type=\"text-editor.default\">\n\t\t\t\t\t\t\t\t\t<h4 class=\"mkdf-st-title\">A.C.S.<\/h4>\t\t\t\t\t\t\t\t<\/div>\n\t\t\t\t\t<\/div>\n\t\t\t\t<\/div>\n\t\t\t\t<\/div>\n\t\t\t\t<div class=\"elementor-element elementor-element-f9afd89 elementor-widget elementor-widget-bridge_button_v2\" data-id=\"f9afd89\" data-element_type=\"widget\" data-e-type=\"widget\" data-widget_type=\"bridge_button_v2.default\">\n\t\t\t\t<div class=\"elementor-widget-container\">\n\t\t\t\t\t\n\n\t<a href=\"https:\/\/sdpclimaven.com\/index.php\/servicios\/\" target=\"_self\"  class=\"qode-btn qode-btn-medium qode-btn-solid qode-btn-default-hover\"  >\n\t    <span class=\"qode-btn-text\">VER TODOS LOS SERVICIOS<\/span>\t<\/a>\n\n\t\t\t\t<\/div>\n\t\t\t\t<\/div>\n\t\t\t\t<\/div>\n\t\t<div class=\"elementor-element elementor-element-0228c94 e-con-full e-flex parallax_section_no qode_elementor_container_no e-con e-parent\" data-id=\"0228c94\" data-element_type=\"container\" data-e-type=\"container\">\n\t\t<div class=\"elementor-element elementor-element-9853f40 e-con-full e-flex parallax_section_no qode_elementor_container_no e-con e-child\" data-id=\"9853f40\" data-element_type=\"container\" data-e-type=\"container\" data-settings=\"{&quot;background_background&quot;:&quot;classic&quot;}\">\n\t\t\t\t<div class=\"elementor-element elementor-element-44ffb5e elementor-widget elementor-widget-bridge_clients\" data-id=\"44ffb5e\" data-element_type=\"widget\" data-e-type=\"widget\" data-widget_type=\"bridge_clients.default\">\n\t\t\t\t<div class=\"elementor-widget-container\">\n\t\t\t\t\t\n        <div class=\"qode_clients clearfix four_columns qode_clients_switch_images qode_clients_switch_roll qode_clients_separators_disabled\">\n\n            <div class=\"qode_client_holder\"><div class=\"qode_client_holder_inner\"><div class=\"qode_client_image_holder\"><a itemprop=\"url\" href=\"http:\/\/www.airzone.es\/\" target=\"_blank\"><img decoding=\"async\" itemprop=\"image\" class=\"qode_client_main_image\" src=\"https:\/\/sdpclimaven.com\/wp-content\/uploads\/2025\/08\/airzone325.jpg\" alt=\"\" \/><img decoding=\"async\" itemprop=\"image\" class=\"qode_client_hover_image\" src=\"https:\/\/sdpclimaven.com\/wp-content\/uploads\/2025\/08\/airzone325.jpg\" alt=\"\" \/><\/a><\/div><div class=\"qode_client_image_hover\"><\/div><\/div><\/div><div class=\"qode_client_holder\"><div class=\"qode_client_holder_inner\"><div class=\"qode_client_image_holder\"><a itemprop=\"url\" href=\"https:\/\/www.daikin.es\/\" target=\"_blank\"><img decoding=\"async\" itemprop=\"image\" class=\"qode_client_main_image\" src=\"https:\/\/sdpclimaven.com\/wp-content\/uploads\/2025\/08\/daikin325.jpg\" alt=\"\" \/><img decoding=\"async\" itemprop=\"image\" class=\"qode_client_hover_image\" src=\"https:\/\/sdpclimaven.com\/wp-content\/uploads\/2025\/08\/daikin325.jpg\" alt=\"\" \/><\/a><\/div><div class=\"qode_client_image_hover\"><\/div><\/div><\/div><div class=\"qode_client_holder\"><div class=\"qode_client_holder_inner\"><div class=\"qode_client_image_holder\"><a itemprop=\"url\" href=\"https:\/\/www.uponor.es\/\" target=\"_blank\"><img decoding=\"async\" itemprop=\"image\" class=\"qode_client_main_image\" src=\"https:\/\/sdpclimaven.com\/wp-content\/uploads\/2025\/08\/uponor325.jpg\" alt=\"\" \/><img decoding=\"async\" itemprop=\"image\" class=\"qode_client_hover_image\" src=\"https:\/\/sdpclimaven.com\/wp-content\/uploads\/2025\/08\/uponor325.jpg\" alt=\"\" \/><\/a><\/div><div class=\"qode_client_image_hover\"><\/div><\/div><\/div><div class=\"qode_client_holder\"><div class=\"qode_client_holder_inner\"><div class=\"qode_client_image_holder\"><a itemprop=\"url\" href=\"https:\/\/www.wolf.eu\/es-es\" target=\"_blank\"><img decoding=\"async\" itemprop=\"image\" class=\"qode_client_main_image\" src=\"https:\/\/sdpclimaven.com\/wp-content\/uploads\/2025\/08\/wolf325.jpg\" alt=\"\" \/><img decoding=\"async\" itemprop=\"image\" class=\"qode_client_hover_image\" src=\"https:\/\/sdpclimaven.com\/wp-content\/uploads\/2025\/08\/wolf325.jpg\" alt=\"\" \/><\/a><\/div><div class=\"qode_client_image_hover\"><\/div><\/div><\/div>\n        <\/div>\n\n        \t\t\t\t<\/div>\n\t\t\t\t<\/div>\n\t\t\t\t<\/div>\n\t\t\t\t<\/div>\n\t\t\t\t<\/div>\n\t\t","protected":false},"excerpt":{"rendered":"<p>SERVICIOS DE CALIDAD Con\u00f3cenos S.D.P. CLIMAVEN S.L. fue fundada en 1997 con la intenci\u00f3n de ofrecer un servicio de calidad en la ejecuci\u00f3n de diversas instalaciones hidr\u00e1ulicas tanto en el sector comercial, industrial y residencial. Servicios Aire Acondicionado CALEFACCI\u00d3N A.C.S. VER TODOS LOS SERVICIOS<\/p>\n","protected":false},"author":1,"featured_media":0,"parent":0,"menu_order":0,"comment_status":"closed","ping_status":"closed","template":"full_width.php","meta":{"content-type":"","footnotes":""},"class_list":["post-6625","page","type-page","status-publish","hentry"],"_links":{"self":[{"href":"https:\/\/sdpclimaven.com\/index.php\/wp-json\/wp\/v2\/pages\/6625","targetHints":{"allow":["GET"]}}],"collection":[{"href":"https:\/\/sdpclimaven.com\/index.php\/wp-json\/wp\/v2\/pages"}],"about":[{"href":"https:\/\/sdpclimaven.com\/index.php\/wp-json\/wp\/v2\/types\/page"}],"author":[{"embeddable":true,"href":"https:\/\/sdpclimaven.com\/index.php\/wp-json\/wp\/v2\/users\/1"}],"replies":[{"embeddable":true,"href":"https:\/\/sdpclimaven.com\/index.php\/wp-json\/wp\/v2\/comments?post=6625"}],"version-history":[{"count":28,"href":"https:\/\/sdpclimaven.com\/index.php\/wp-json\/wp\/v2\/pages\/6625\/revisions"}],"predecessor-version":[{"id":8529,"href":"https:\/\/sdpclimaven.com\/index.php\/wp-json\/wp\/v2\/pages\/6625\/revisions\/8529"}],"wp:attachment":[{"href":"https:\/\/sdpclimaven.com\/index.php\/wp-json\/wp\/v2\/media?parent=6625"}],"curies":[{"name":"wp","href":"https:\/\/api.w.org\/{rel}","templated":true}]}}