{"id":6815,"date":"2023-12-11T20:44:27","date_gmt":"2023-12-11T20:44:27","guid":{"rendered":"https:\/\/bridge510.qodeinteractive.com\/?page_id=6815"},"modified":"2025-09-17T15:34:27","modified_gmt":"2025-09-17T15:34:27","slug":"conocenos","status":"publish","type":"page","link":"https:\/\/sdpclimaven.com\/index.php\/conocenos\/","title":{"rendered":"Con\u00f3cenos"},"content":{"rendered":"\t\t<div data-elementor-type=\"wp-page\" data-elementor-id=\"6815\" class=\"elementor elementor-6815\">\n\t\t\t\t<div class=\"elementor-element elementor-element-9b7346b e-con-full qode_elementor_container_inner e-flex parallax_section_no e-con e-parent\" data-id=\"9b7346b\" data-element_type=\"container\" data-e-type=\"container\" data-settings=\"{&quot;background_background&quot;:&quot;classic&quot;}\">\n\t\t<div class=\"elementor-element elementor-element-11d0330 e-flex e-con-boxed parallax_section_no qode_elementor_container_no e-con e-child\" data-id=\"11d0330\" data-element_type=\"container\" data-e-type=\"container\">\n\t\t\t\t\t<div class=\"e-con-inner\">\n\t\t\t\t<div class=\"elementor-element elementor-element-0588751 elementor-widget elementor-widget-bridge_image_gallery\" data-id=\"0588751\" data-element_type=\"widget\" data-e-type=\"widget\" data-widget_type=\"bridge_image_gallery.default\">\n\t\t\t\t<div class=\"elementor-widget-container\">\n\t\t\t\t\t<div class=\"qode-image-gallery\"><div class=\"qode-image-gallery-inner\"><div class=\"qode-image-gallery-slides drag_enabled wpb_image_grid\" data-interval=\"\"data-drag=\"true\"><div class=\"gallery_holder\"><ul class=\"gallery_inner   v0\"><li class=\"no_grayscale\"><img decoding=\"async\" src=\"https:\/\/sdpclimaven.com\/wp-content\/uploads\/2025\/07\/sdpclimaven-1.jpg\" \/><\/li><\/ul><\/div><\/div><\/div><\/div>\t\t\t\t<\/div>\n\t\t\t\t<\/div>\n\t\t\t\t\t<\/div>\n\t\t\t\t<\/div>\n\t\t<div class=\"elementor-element elementor-element-cd4147b e-flex e-con-boxed parallax_section_no qode_elementor_container_no e-con e-child\" data-id=\"cd4147b\" data-element_type=\"container\" data-e-type=\"container\" data-settings=\"{&quot;background_background&quot;:&quot;classic&quot;}\">\n\t\t\t\t\t<div class=\"e-con-inner\">\n\t\t\t\t<div class=\"elementor-element elementor-element-811b0e9 elementor-widget elementor-widget-text-editor\" data-id=\"811b0e9\" data-element_type=\"widget\" data-e-type=\"widget\" data-widget_type=\"text-editor.default\">\n\t\t\t\t\t\t\t\t\t<h6 class=\"mkdf-st-title\">referente en nuestro sector en la Costa de Sol<\/h6>\t\t\t\t\t\t\t\t<\/div>\n\t\t\t\t<div class=\"elementor-element elementor-element-5ee2962 elementor-widget elementor-widget-text-editor\" data-id=\"5ee2962\" data-element_type=\"widget\" data-e-type=\"widget\" data-widget_type=\"text-editor.default\">\n\t\t\t\t\t\t\t\t\t<h2 class=\"mkdf-st-title\">S.D.P. CLIMAVEN S.L.<\/h2>\t\t\t\t\t\t\t\t<\/div>\n\t\t\t\t<div class=\"elementor-element elementor-element-117a539 elementor-widget__width-initial elementor-widget elementor-widget-heading\" data-id=\"117a539\" data-element_type=\"widget\" data-e-type=\"widget\" data-widget_type=\"heading.default\">\n\t\t\t\t\t<p class=\"elementor-heading-title elementor-size-default\">fue fundada en 1997 con la intenci\u00f3n de ofrecer un servicio de calidad en la ejecuci\u00f3n de diversas instalaciones hidr\u00e1ulicas tanto en el sector comercial, industrial y residencial. Con el objetivo de cumplir y satisfacer las necesidades y de superar las expectativas de nuestros clientes.<\/p>\t\t\t\t<\/div>\n\t\t\t\t\t<\/div>\n\t\t\t\t<\/div>\n\t\t\t\t<\/div>\n\t\t<div class=\"elementor-element elementor-element-0db030e e-con-full qode_elementor_container_inner e-flex parallax_section_no e-con e-parent\" data-id=\"0db030e\" data-element_type=\"container\" data-e-type=\"container\" data-settings=\"{&quot;background_background&quot;:&quot;classic&quot;}\">\n\t\t<div class=\"elementor-element elementor-element-d28be9d e-con-full e-flex parallax_section_no qode_elementor_container_no e-con e-child\" data-id=\"d28be9d\" data-element_type=\"container\" data-e-type=\"container\" data-settings=\"{&quot;background_background&quot;:&quot;classic&quot;}\">\n\t\t\t\t<div class=\"elementor-element elementor-element-8efd9f6 elementor-widget__width-initial elementor-widget elementor-widget-heading\" data-id=\"8efd9f6\" data-element_type=\"widget\" data-e-type=\"widget\" data-widget_type=\"heading.default\">\n\t\t\t\t\t<p class=\"elementor-heading-title elementor-size-default\">Para llegar a tal fin, la empresa cuenta con personal titulado, altamente cualificado y con amplia experiencia en la realizaci\u00f3n de trabajos de aire acondicionado, calefacci\u00f3n, climatizaci\u00f3n, energ\u00edas renovables, fontaner\u00eda, gas, producci\u00f3n de agua caliente sanitaria e instalaciones de piscinas (filtraci\u00f3n, depuraci\u00f3n, climatizaci\u00f3n, deshumectaci\u00f3n). Realizamos proyectos, estudios de instalaciones y mantenimiento en los sectores mencionados anteriormente.\n<br><br>\nPara poder dar tal servicio de calidad, contamos tambi\u00e9n con el respaldo de proveedores muy reconocidos en el \u00e1mbito nacional e internacional que nos proporcionan equipos y materiales de muy alta calidad y, a su vez, nos ofrecen su apoyo t\u00e9cnico para cubrir con las m\u00e1ximas garant\u00edas el resultado y buena terminaci\u00f3n de las instalaciones. Con todo ello, nuestro prop\u00f3sito es que dichas instalaciones sean altamente fiables y eficientes.\n<br><br>\nLa empresa se ha convertido durante las \u00faltimas d\u00e9cadas en un gran referente en nuestro sector en toda la Costa de Sol. Todo ello gracias al af\u00e1n de superarnos a nosotros mismos e ir m\u00e1s all\u00e1 de nuestras posibilidades dando una vuelta de tuerca m\u00e1s en la actitud, en la aptitud y en el buen hacer de las cosas.<\/p>\t\t\t\t<\/div>\n\t\t\t\t<\/div>\n\t\t\t\t<\/div>\n\t\t<div class=\"elementor-element elementor-element-87b16e5 e-con-full qode_elementor_container_inner e-flex parallax_section_no e-con e-parent\" data-id=\"87b16e5\" data-element_type=\"container\" data-e-type=\"container\" data-settings=\"{&quot;background_background&quot;:&quot;classic&quot;}\">\n\t\t<div class=\"elementor-element elementor-element-0905278 e-flex e-con-boxed parallax_section_no qode_elementor_container_no e-con e-child\" data-id=\"0905278\" data-element_type=\"container\" data-e-type=\"container\" data-settings=\"{&quot;background_background&quot;:&quot;classic&quot;}\">\n\t\t\t\t\t<div class=\"e-con-inner\">\n\t\t\t\t<div class=\"elementor-element elementor-element-1170287 elementor-widget elementor-widget-text-editor\" data-id=\"1170287\" data-element_type=\"widget\" data-e-type=\"widget\" data-widget_type=\"text-editor.default\">\n\t\t\t\t\t\t\t\t\t<h2 class=\"mkdf-st-title\">S.D.P. CLIMAVEN S.L.<\/h2>\t\t\t\t\t\t\t\t<\/div>\n\t\t\t\t<div class=\"elementor-element elementor-element-65d738a elementor-widget__width-initial elementor-widget elementor-widget-heading\" data-id=\"65d738a\" data-element_type=\"widget\" data-e-type=\"widget\" data-widget_type=\"heading.default\">\n\t\t\t\t\t<p class=\"elementor-heading-title elementor-size-default\">est\u00e1 registrada en la Direcci\u00f3n General de Industria como:\n<br><br>\n* Empresa Instaladora Autorizada de Climatizaci\u00f3n.\n<br>\n* Empresa Instaladora de productos petrol\u00edferos.\n<br>\n* Empresa Mantenedora de Climatizaci\u00f3n , Calefacci\u00f3n y ACS.\n<br>\n* Empresa Instaladora de Gas.<\/p>\t\t\t\t<\/div>\n\t\t\t\t\t<\/div>\n\t\t\t\t<\/div>\n\t\t<div class=\"elementor-element elementor-element-340029d e-flex e-con-boxed parallax_section_no qode_elementor_container_no e-con e-child\" data-id=\"340029d\" data-element_type=\"container\" data-e-type=\"container\">\n\t\t\t\t\t<div class=\"e-con-inner\">\n\t\t\t\t<div class=\"elementor-element elementor-element-f98cf09 elementor-widget elementor-widget-bridge_image_gallery\" data-id=\"f98cf09\" data-element_type=\"widget\" data-e-type=\"widget\" data-widget_type=\"bridge_image_gallery.default\">\n\t\t\t\t<div class=\"elementor-widget-container\">\n\t\t\t\t\t<div class=\"qode-image-gallery\"><div class=\"qode-image-gallery-inner\"><div class=\"qode-image-gallery-slides drag_enabled wpb_image_grid\" data-interval=\"\"data-drag=\"true\"><div class=\"gallery_holder\"><ul class=\"gallery_inner   v0\"><li class=\"no_grayscale\"><img decoding=\"async\" src=\"https:\/\/sdpclimaven.com\/wp-content\/uploads\/2025\/07\/sdpclimaven-2.jpg\" \/><\/li><\/ul><\/div><\/div><\/div><\/div>\t\t\t\t<\/div>\n\t\t\t\t<\/div>\n\t\t\t\t\t<\/div>\n\t\t\t\t<\/div>\n\t\t\t\t<\/div>\n\t\t<div class=\"elementor-element elementor-element-9768e42 e-con-full e-flex parallax_section_no qode_elementor_container_no e-con e-parent\" data-id=\"9768e42\" data-element_type=\"container\" data-e-type=\"container\" data-settings=\"{&quot;background_background&quot;:&quot;classic&quot;}\">\n\t\t\t\t<div class=\"elementor-element elementor-element-92c2a9a elementor-widget elementor-widget-bridge_clients\" data-id=\"92c2a9a\" data-element_type=\"widget\" data-e-type=\"widget\" data-widget_type=\"bridge_clients.default\">\n\t\t\t\t<div class=\"elementor-widget-container\">\n\t\t\t\t\t\n        <div class=\"qode_clients clearfix four_columns qode_clients_switch_images qode_clients_switch_roll qode_clients_separators_disabled\">\n\n            <div class=\"qode_client_holder\"><div class=\"qode_client_holder_inner\"><div class=\"qode_client_image_holder\"><a itemprop=\"url\" href=\"http:\/\/www.airzone.es\/\" target=\"_blank\"><img decoding=\"async\" itemprop=\"image\" class=\"qode_client_main_image\" src=\"https:\/\/sdpclimaven.com\/wp-content\/uploads\/2025\/08\/airzone325.jpg\" alt=\"\" \/><img decoding=\"async\" itemprop=\"image\" class=\"qode_client_hover_image\" src=\"https:\/\/sdpclimaven.com\/wp-content\/uploads\/2025\/08\/airzone325.jpg\" alt=\"\" \/><\/a><\/div><div class=\"qode_client_image_hover\"><\/div><\/div><\/div><div class=\"qode_client_holder\"><div class=\"qode_client_holder_inner\"><div class=\"qode_client_image_holder\"><a itemprop=\"url\" href=\"https:\/\/www.daikin.es\/\" target=\"_blank\"><img decoding=\"async\" itemprop=\"image\" class=\"qode_client_main_image\" src=\"https:\/\/sdpclimaven.com\/wp-content\/uploads\/2025\/08\/daikin325.jpg\" alt=\"\" \/><img decoding=\"async\" itemprop=\"image\" class=\"qode_client_hover_image\" src=\"https:\/\/sdpclimaven.com\/wp-content\/uploads\/2025\/08\/daikin325.jpg\" alt=\"\" \/><\/a><\/div><div class=\"qode_client_image_hover\"><\/div><\/div><\/div><div class=\"qode_client_holder\"><div class=\"qode_client_holder_inner\"><div class=\"qode_client_image_holder\"><a itemprop=\"url\" href=\"https:\/\/www.uponor.es\/\" target=\"_blank\"><img decoding=\"async\" itemprop=\"image\" class=\"qode_client_main_image\" src=\"https:\/\/sdpclimaven.com\/wp-content\/uploads\/2025\/08\/uponor325.jpg\" alt=\"\" \/><img decoding=\"async\" itemprop=\"image\" class=\"qode_client_hover_image\" src=\"https:\/\/sdpclimaven.com\/wp-content\/uploads\/2025\/08\/uponor325.jpg\" alt=\"\" \/><\/a><\/div><div class=\"qode_client_image_hover\"><\/div><\/div><\/div><div class=\"qode_client_holder\"><div class=\"qode_client_holder_inner\"><div class=\"qode_client_image_holder\"><a itemprop=\"url\" href=\"https:\/\/www.wolf.eu\/es-es\" target=\"_blank\"><img decoding=\"async\" itemprop=\"image\" class=\"qode_client_main_image\" src=\"https:\/\/sdpclimaven.com\/wp-content\/uploads\/2025\/08\/wolf325.jpg\" alt=\"\" \/><img decoding=\"async\" itemprop=\"image\" class=\"qode_client_hover_image\" src=\"https:\/\/sdpclimaven.com\/wp-content\/uploads\/2025\/08\/wolf325.jpg\" alt=\"\" \/><\/a><\/div><div class=\"qode_client_image_hover\"><\/div><\/div><\/div>\n        <\/div>\n\n        \t\t\t\t<\/div>\n\t\t\t\t<\/div>\n\t\t\t\t<\/div>\n\t\t\t\t<\/div>\n\t\t","protected":false},"excerpt":{"rendered":"<p>referente en nuestro sector en la Costa de Sol S.D.P. CLIMAVEN S.L. fue fundada en 1997 con la intenci\u00f3n de ofrecer un servicio de calidad en la ejecuci\u00f3n de diversas instalaciones hidr\u00e1ulicas tanto en el sector comercial, industrial y residencial. Con el objetivo de cumplir&#8230;<\/p>\n","protected":false},"author":1,"featured_media":0,"parent":0,"menu_order":0,"comment_status":"closed","ping_status":"closed","template":"full_width.php","meta":{"content-type":"","footnotes":""},"class_list":["post-6815","page","type-page","status-publish","hentry"],"_links":{"self":[{"href":"https:\/\/sdpclimaven.com\/index.php\/wp-json\/wp\/v2\/pages\/6815","targetHints":{"allow":["GET"]}}],"collection":[{"href":"https:\/\/sdpclimaven.com\/index.php\/wp-json\/wp\/v2\/pages"}],"about":[{"href":"https:\/\/sdpclimaven.com\/index.php\/wp-json\/wp\/v2\/types\/page"}],"author":[{"embeddable":true,"href":"https:\/\/sdpclimaven.com\/index.php\/wp-json\/wp\/v2\/users\/1"}],"replies":[{"embeddable":true,"href":"https:\/\/sdpclimaven.com\/index.php\/wp-json\/wp\/v2\/comments?post=6815"}],"version-history":[{"count":26,"href":"https:\/\/sdpclimaven.com\/index.php\/wp-json\/wp\/v2\/pages\/6815\/revisions"}],"predecessor-version":[{"id":8526,"href":"https:\/\/sdpclimaven.com\/index.php\/wp-json\/wp\/v2\/pages\/6815\/revisions\/8526"}],"wp:attachment":[{"href":"https:\/\/sdpclimaven.com\/index.php\/wp-json\/wp\/v2\/media?parent=6815"}],"curies":[{"name":"wp","href":"https:\/\/api.w.org\/{rel}","templated":true}]}}