{"id":7308,"date":"2023-12-18T12:55:07","date_gmt":"2023-12-18T12:55:07","guid":{"rendered":"https:\/\/bridge510.qodeinteractive.com\/?page_id=7308"},"modified":"2025-08-12T14:32:43","modified_gmt":"2025-08-12T14:32:43","slug":"contacto","status":"publish","type":"page","link":"https:\/\/sdpclimaven.com\/index.php\/contacto\/","title":{"rendered":"Contacto"},"content":{"rendered":"\t\t<div data-elementor-type=\"wp-page\" data-elementor-id=\"7308\" class=\"elementor elementor-7308\">\n\t\t\t\t<div class=\"elementor-element elementor-element-d722861 e-con-full qode_elementor_container_inner e-flex parallax_section_no e-con e-parent\" data-id=\"d722861\" data-element_type=\"container\" data-e-type=\"container\">\n\t\t<div class=\"elementor-element elementor-element-e17098a e-con-full e-flex parallax_section_no qode_elementor_container_no e-con e-child\" data-id=\"e17098a\" data-element_type=\"container\" data-e-type=\"container\">\n\t\t\t\t<div class=\"elementor-element elementor-element-a9304d8 elementor-widget elementor-widget-text-editor\" data-id=\"a9304d8\" data-element_type=\"widget\" data-e-type=\"widget\" data-widget_type=\"text-editor.default\">\n\t\t\t\t\t\t\t\t\t<h4 class=\"mkdf-st-title\">Contacta con nosotros<\/h4>\t\t\t\t\t\t\t\t<\/div>\n\t\t<div class=\"elementor-element elementor-element-198b2f1 e-flex e-con-boxed parallax_section_no qode_elementor_container_no e-con e-child\" data-id=\"198b2f1\" data-element_type=\"container\" data-e-type=\"container\">\n\t\t\t\t\t<div class=\"e-con-inner\">\n\t\t\t\t<div class=\"elementor-element elementor-element-bb7a147 elementor-widget-mobile__width-auto elementor-view-default elementor-widget elementor-widget-icon\" data-id=\"bb7a147\" data-element_type=\"widget\" data-e-type=\"widget\" data-widget_type=\"icon.default\">\n\t\t\t\t\t\t\t<div class=\"elementor-icon-wrapper\">\n\t\t\t<a class=\"elementor-icon\" href=\"https:\/\/www.google.com\/maps\/place\/Rijksmuseum\/@52.3427043,4.8465829,12.75z\/data=!4m13!1m7!3m6!1s0x47c63fb5949a7755:0x6600fd4cb7c0af8d!2sAmsterdam,+Netherlands!3b1!8m2!3d52.3679843!4d4.9035614!3m4!1s0x47c609eec1bb16e5:0xd54373ae6a408585!8m2!3d52.3599818!4d4.8852253?_ga=2.122714316.67747792.1702889862-190461517.1702474831\" target=\"_blank\">\n\t\t\t<svg xmlns=\"http:\/\/www.w3.org\/2000\/svg\" id=\"Layer_1\" x=\"0\" y=\"0\" width=\"15\" height=\"18\" viewBox=\"0 0 13 16\" style=\"enable-background:new 0 0 13 16\" xml:space=\"preserve\"><style>.st0{fill:#001659}<\/style><path class=\"st0\" d=\"M11.8 2.8C10.6 1 8.7 0 6.5 0 4.3 0 2.4 1 1.2 2.8 0 4.6-.3 6.8.4 8.8c.2.5.5 1.1.9 1.6L6 15.8c.1.1.3.2.5.2s.4-.1.5-.2l4.6-5.4c.4-.5.7-1 .9-1.6.8-2 .6-4.2-.7-6zm-.4 5.5c-.1.4-.4.8-.7 1.2l-4.2 4.9-4.2-4.9c-.3-.4-.5-.8-.7-1.2-.6-1.6-.3-3.4.6-4.8 1-1.4 2.5-2.2 4.3-2.2s3.3.8 4.3 2.2c.9 1.4 1.2 3.2.6 4.8z\"><\/path><path class=\"st0\" d=\"M6.5 3.3c-1.8 0-3.2 1.4-3.2 3.2s1.4 3.2 3.2 3.2c1.8 0 3.2-1.4 3.2-3.2S8.3 3.3 6.5 3.3zm1.9 3.2c0 1-.8 1.9-1.9 1.9-1 0-1.9-.8-1.9-1.9s.8-1.9 1.9-1.9c1 0 1.9.8 1.9 1.9z\"><\/path><\/svg>\t\t\t<\/a>\n\t\t<\/div>\n\t\t\t\t\t\t<\/div>\n\t\t\t\t<div class=\"elementor-element elementor-element-e204131 elementor-widget__width-auto elementor-widget elementor-widget-text-editor\" data-id=\"e204131\" data-element_type=\"widget\" data-e-type=\"widget\" data-widget_type=\"text-editor.default\">\n\t\t\t\t\t\t\t\t\t<a href=\"https:\/\/www.google.com\/maps\/place\/\/data=!4m2!3m1!1s0xd72d803bd7f1f81:0x4f1fdeec81a8633b?sa=X&#038;ved=1t:8290&#038;ictx=111\" target=\"_blank\" rel=\"noreferrer noopener\">Plaza Ram\u00f3n Iba\u00f1ez, 15<BR>29601 Marbella (M\u00e1laga)<\/a>\t\t\t\t\t\t\t\t<\/div>\n\t\t\t\t\t<\/div>\n\t\t\t\t<\/div>\n\t\t<div class=\"elementor-element elementor-element-279204e e-con-full e-flex parallax_section_no qode_elementor_container_no e-con e-child\" data-id=\"279204e\" data-element_type=\"container\" data-e-type=\"container\">\n\t\t\t\t<div class=\"elementor-element elementor-element-a24a0b5 elementor-view-default elementor-widget elementor-widget-icon\" data-id=\"a24a0b5\" data-element_type=\"widget\" data-e-type=\"widget\" data-widget_type=\"icon.default\">\n\t\t\t\t\t\t\t<div class=\"elementor-icon-wrapper\">\n\t\t\t<a class=\"elementor-icon\" href=\"tel:+(123)%201234-567-8901\" target=\"_blank\">\n\t\t\t<svg xmlns=\"http:\/\/www.w3.org\/2000\/svg\" id=\"Layer_1\" x=\"0\" y=\"0\" width=\"18\" height=\"18\" viewBox=\"0 0 16 16\" style=\"enable-background:new 0 0 16 16\" xml:space=\"preserve\"><style>.st0{fill:#12192d}<\/style><path class=\"st0\" d=\"M12.5 6.9c-.3 0-.6-.2-.6-.5-.2-1.2-1.1-2-2.3-2.3-.3-.1-.5-.4-.5-.8.1-.3.4-.5.8-.5.8.2 1.5.6 2.1 1.2.6.6 1 1.3 1.1 2.1.1.4-.2.7-.5.8h-.1zM15.4 6.9c-.3 0-.6-.2-.6-.6-.3-2.7-2.4-4.7-5-5-.4 0-.6-.4-.6-.7 0-.4.3-.6.6-.6 1.6.2 3 .9 4.2 2 1.1 1.1 1.8 2.6 2 4.2 0 .3-.2.6-.6.7zM13.2 16H13c-2.3-.2-4.5-1-6.4-2.3-1.8-1.1-3.3-2.6-4.4-4.4C1 7.4.2 5.2 0 2.9-.1 1.8.7.8 1.9.7H4.2c1 0 1.9.7 2.1 1.8.1.6.2 1.2.5 1.8.2.8 0 1.6-.6 2.2l-.5.5c.8 1.3 2 2.5 3.3 3.3l.5-.5c.6-.6 1.4-.7 2.2-.5.6.2 1.2.4 1.8.5 1 .1 1.8 1 1.8 2.1V14c0 1.1-.9 2-2.1 2zm0-1.3c.5 0 .8-.3.8-.8v-2.1c0-.4-.3-.7-.7-.8-.7-.1-1.4-.3-2.1-.5-.3-.1-.6 0-.8.2l-.9.9c-.2.2-.5.2-.8.1-1.9-1.1-3.4-2.6-4.5-4.5-.1-.2 0-.5.2-.7l.9-.9c.2-.3.3-.6.2-.8-.3-.7-.5-1.4-.6-2.2 0-.3-.3-.6-.7-.6H2c-.4 0-.7.4-.7.8.2 2.1.9 4.1 2.1 5.8 1 1.6 2.4 3 4 4 1.7 1.2 3.7 1.9 5.8 2.1z\"><\/path><\/svg>\t\t\t<\/a>\n\t\t<\/div>\n\t\t\t\t\t\t<\/div>\n\t\t\t\t<div class=\"elementor-element elementor-element-3461f76 elementor-widget__width-auto elementor-widget elementor-widget-text-editor\" data-id=\"3461f76\" data-element_type=\"widget\" data-e-type=\"widget\" data-widget_type=\"text-editor.default\">\n\t\t\t\t\t\t\t\t\t<a href=\"tel:+34952823427\">+ (34) 952 823 427<\/a>\t\t\t\t\t\t\t\t<\/div>\n\t\t\t\t<\/div>\n\t\t<div class=\"elementor-element elementor-element-43b8688 e-flex e-con-boxed parallax_section_no qode_elementor_container_no e-con e-child\" data-id=\"43b8688\" data-element_type=\"container\" data-e-type=\"container\">\n\t\t\t\t\t<div class=\"e-con-inner\">\n\t\t\t\t<div class=\"elementor-element elementor-element-4bf5384 elementor-view-default elementor-widget elementor-widget-icon\" data-id=\"4bf5384\" data-element_type=\"widget\" data-e-type=\"widget\" data-widget_type=\"icon.default\">\n\t\t\t\t\t\t\t<div class=\"elementor-icon-wrapper\">\n\t\t\t<a class=\"elementor-icon\" href=\"mailto:bridge@qodeinteractive.com\">\n\t\t\t<svg xmlns=\"http:\/\/www.w3.org\/2000\/svg\" width=\"16.3\" height=\"16.3\" viewBox=\"0 0 16.3 16.3\"><path id=\"mail-icon\" d=\"M.834,11.734A8.08,8.08,0,0,1,.7,4.856,8.057,8.057,0,0,1,5.855.325,8.328,8.328,0,0,1,8.15,0a8.132,8.132,0,0,1,8,6.655,5.867,5.867,0,0,1-.139,3.163,2.836,2.836,0,0,1-2.4,2.082,4.058,4.058,0,0,1-.462.028,3.243,3.243,0,0,1-2.676-1.388l-.02-.026a3.405,3.405,0,0,1-2.763,1.543,3.652,3.652,0,0,1-.674-.066A3.341,3.341,0,0,1,4.36,9.41,4.175,4.175,0,0,1,4.4,6.937a4.1,4.1,0,0,1,1.392-2,3.244,3.244,0,0,1,4.474.415c.011-.061.021-.12.031-.177a.683.683,0,0,1,.766-.616.689.689,0,0,1,.463.26.762.762,0,0,1,.135.572c-.1.7-.2,1.411-.3,2.1-.041.292-.084.583-.125.875A1.862,1.862,0,0,0,11.7,9.836a2.006,2.006,0,0,0,1.483.706,1.72,1.72,0,0,0,.469-.066,1.52,1.52,0,0,0,.987-.96A3.9,3.9,0,0,0,14.857,7.4,6.629,6.629,0,0,0,11.44,2.252a6.609,6.609,0,0,0-3.265-.869,6.762,6.762,0,0,0-1.3,13.4,7.05,7.05,0,0,0,1.31.126,6.729,6.729,0,0,0,3.4-.94,1.088,1.088,0,0,1,.6-.155.624.624,0,0,1,.561.554.681.681,0,0,1-.338.723,7.88,7.88,0,0,1-2.406,1,8.29,8.29,0,0,1-1.86.212A8.136,8.136,0,0,1,.834,11.734ZM6.568,6.1a2.827,2.827,0,0,0-.437,3.8,1.873,1.873,0,0,0,1.448.764,2.023,2.023,0,0,0,1.242-.434,2.852,2.852,0,0,0,.6-3.7,1.917,1.917,0,0,0-1.587-.905A2.014,2.014,0,0,0,6.568,6.1Z\" transform=\"translate(0)\" fill=\"#001659\"><\/path><\/svg>\t\t\t<\/a>\n\t\t<\/div>\n\t\t\t\t\t\t<\/div>\n\t\t\t\t<div class=\"elementor-element elementor-element-7e4be6e elementor-widget__width-auto elementor-widget elementor-widget-text-editor\" data-id=\"7e4be6e\" data-element_type=\"widget\" data-e-type=\"widget\" data-widget_type=\"text-editor.default\">\n\t\t\t\t\t\t\t\t\t<a href=\"mailto:info@sdpclimaven.com\">info@sdpclimaven.com<\/a>\t\t\t\t\t\t\t\t<\/div>\n\t\t\t\t\t<\/div>\n\t\t\t\t<\/div>\n\t\t\t\t<\/div>\n\t\t<div class=\"elementor-element elementor-element-38d7606 e-con-full e-flex parallax_section_no qode_elementor_container_no e-con e-child\" data-id=\"38d7606\" data-element_type=\"container\" data-e-type=\"container\">\n\t\t\t\t<div class=\"elementor-element elementor-element-3783c69 elementor-widget elementor-widget-text-editor\" data-id=\"3783c69\" data-element_type=\"widget\" data-e-type=\"widget\" data-widget_type=\"text-editor.default\">\n\t\t\t\t\t\t\t\t\t<h4 class=\"mkdf-st-title\">Env\u00edanos el formulario<\/h4>\t\t\t\t\t\t\t\t<\/div>\n\t\t\t\t<div class=\"elementor-element elementor-element-c09aa88 elementor-widget elementor-widget-bridge_cf_7\" data-id=\"c09aa88\" data-element_type=\"widget\" data-e-type=\"widget\" data-widget_type=\"bridge_cf_7.default\">\n\t\t\t\t<div class=\"elementor-widget-container\">\n\t\t\t\t\t    <div class=\"qode-contact-form-7 qode-contact-form-7-0\">\n    \n<div class=\"wpcf7 no-js\" id=\"wpcf7-f5-o1\" lang=\"en-US\" dir=\"ltr\" data-wpcf7-id=\"5\">\n<div class=\"screen-reader-response\"><p role=\"status\" aria-live=\"polite\" aria-atomic=\"true\"><\/p> <ul><\/ul><\/div>\n<form action=\"\/index.php\/wp-json\/wp\/v2\/pages\/7308#wpcf7-f5-o1\" method=\"post\" class=\"wpcf7-form init cf7_custom_style_1\" aria-label=\"Contact form\" novalidate=\"novalidate\" data-status=\"init\">\n<fieldset class=\"hidden-fields-container\"><input type=\"hidden\" name=\"_wpcf7\" value=\"5\" \/><input type=\"hidden\" name=\"_wpcf7_version\" value=\"6.1.5\" \/><input type=\"hidden\" name=\"_wpcf7_locale\" value=\"en_US\" \/><input type=\"hidden\" name=\"_wpcf7_unit_tag\" value=\"wpcf7-f5-o1\" \/><input type=\"hidden\" name=\"_wpcf7_container_post\" value=\"0\" \/><input type=\"hidden\" name=\"_wpcf7_posted_data_hash\" value=\"\" \/>\n<\/fieldset>\n<div> \n      <h6>Nombre  <span class=\"qode-form-required-label\">Obligatorio<\/span><\/h6>\n      <span class=\"wpcf7-form-control-wrap\" data-name=\"your-name\"><input size=\"40\" maxlength=\"400\" class=\"wpcf7-form-control wpcf7-text wpcf7-validates-as-required\" aria-required=\"true\" aria-invalid=\"false\" value=\"\" type=\"text\" name=\"your-name\" \/><\/span> \n<\/div>\n\n<div> <h6>Email <span class=\"qode-form-required-label\">Obligatorio<\/span><\/h6>\n    <span class=\"wpcf7-form-control-wrap\" data-name=\"your-email\"><input size=\"40\" maxlength=\"400\" class=\"wpcf7-form-control wpcf7-email wpcf7-validates-as-required wpcf7-text wpcf7-validates-as-email\" aria-required=\"true\" aria-invalid=\"false\" value=\"\" type=\"email\" name=\"your-email\" \/><\/span> <\/div>\n\n<div> <h6>Mensaje<\/h6>\n    <span class=\"wpcf7-form-control-wrap\" data-name=\"your-message\"><textarea cols=\"40\" rows=\"10\" maxlength=\"2000\" class=\"wpcf7-form-control wpcf7-textarea\" aria-invalid=\"false\" name=\"your-message\"><\/textarea><\/span> <\/div>\n\n<input class=\"wpcf7-form-control wpcf7-submit has-spinner\" type=\"submit\" value=\"Enviar\" \/><div class=\"wpcf7-response-output\" aria-hidden=\"true\"><\/div>\n<\/form>\n<\/div>\n    <\/div>\n\t\t\t\t<\/div>\n\t\t\t\t<\/div>\n\t\t\t\t<\/div>\n\t\t\t\t<\/div>\n\t\t\t\t<\/div>\n\t\t","protected":false},"excerpt":{"rendered":"<p>Contacta con nosotros Plaza Ram\u00f3n Iba\u00f1ez, 1529601 Marbella (M\u00e1laga) + (34) 952 823 427 info@sdpclimaven.com Env\u00edanos el formulario Nombre Obligatorio Email Obligatorio Mensaje<\/p>\n","protected":false},"author":1,"featured_media":0,"parent":0,"menu_order":0,"comment_status":"closed","ping_status":"closed","template":"full_width.php","meta":{"content-type":"","footnotes":""},"class_list":["post-7308","page","type-page","status-publish","hentry"],"_links":{"self":[{"href":"https:\/\/sdpclimaven.com\/index.php\/wp-json\/wp\/v2\/pages\/7308","targetHints":{"allow":["GET"]}}],"collection":[{"href":"https:\/\/sdpclimaven.com\/index.php\/wp-json\/wp\/v2\/pages"}],"about":[{"href":"https:\/\/sdpclimaven.com\/index.php\/wp-json\/wp\/v2\/types\/page"}],"author":[{"embeddable":true,"href":"https:\/\/sdpclimaven.com\/index.php\/wp-json\/wp\/v2\/users\/1"}],"replies":[{"embeddable":true,"href":"https:\/\/sdpclimaven.com\/index.php\/wp-json\/wp\/v2\/comments?post=7308"}],"version-history":[{"count":11,"href":"https:\/\/sdpclimaven.com\/index.php\/wp-json\/wp\/v2\/pages\/7308\/revisions"}],"predecessor-version":[{"id":8502,"href":"https:\/\/sdpclimaven.com\/index.php\/wp-json\/wp\/v2\/pages\/7308\/revisions\/8502"}],"wp:attachment":[{"href":"https:\/\/sdpclimaven.com\/index.php\/wp-json\/wp\/v2\/media?parent=7308"}],"curies":[{"name":"wp","href":"https:\/\/api.w.org\/{rel}","templated":true}]}}