{"id":8378,"date":"2025-07-30T15:24:33","date_gmt":"2025-07-30T15:24:33","guid":{"rendered":"https:\/\/sdpclimaven.com\/?page_id=8378"},"modified":"2025-07-30T15:24:35","modified_gmt":"2025-07-30T15:24:35","slug":"aviso-legal","status":"publish","type":"page","link":"https:\/\/sdpclimaven.com\/index.php\/aviso-legal\/","title":{"rendered":"Aviso legal"},"content":{"rendered":"\n<h2 class=\"wp-block-heading\">SDP Climaven (en adelante SDP).<\/h2>\n\n\n\n<h2 class=\"wp-block-heading\">Aceptaci\u00f3n de los t\u00e9rminos de uso<\/h2>\n\n\n\n<p>La visita o acceso a este sitio web exige la aceptaci\u00f3n de los t\u00e9rminos de uso del mismo que en cada momento se encuentren vigentes en esta direcci\u00f3n. En caso de que no est\u00e9 de acuerdo con los t\u00e9rminos y condiciones descritos a continuaci\u00f3n, el usuario debe abstenerse de utilizar esta p\u00e1gina web y todos sus servicios relacionados con ella.<\/p>\n\n\n\n<h2 class=\"wp-block-heading\">Sobre la web<\/h2>\n\n\n\n<p>SDP proporciona informaci\u00f3n gratuita a sus visitantes sin ning\u00fan tipo de contraprestaci\u00f3n monetaria por parte de ellos. En cumplimiento con el deber de informaci\u00f3n recogido en art\u00edculo 10 de la Ley 34\/2002, de 11 de julio, de Servicios de la Sociedad de la Informaci\u00f3n y del Comercio Electr\u00f3nico a continuaci\u00f3n se declara SDP con email info@sdpclimaven.com.<\/p>\n\n\n\n<h2 class=\"wp-block-heading\">Responsabilidades<\/h2>\n\n\n\n<p>Toda persona que acceda a este sitio web asume el papel de USUARIO, comprometi\u00e9ndose a la observancia y cumplimiento riguroso de las disposiciones aqu\u00ed dispuestas, as\u00ed como a cualquier otra disposici\u00f3n legal que fuera de aplicaci\u00f3n por la legislaci\u00f3n vigente.<\/p>\n\n\n\n<ol start=\"3\" class=\"wp-block-list\"><\/ol>\n\n\n\n<p>SDP se exime de cualquier tipo de responsabilidad derivada de la informaci\u00f3n publicada en su sitio web y por la falta de disponibilidad (ca\u00eddas) del sitio el cual efectuar\u00e1 adem\u00e1s paradas peri\u00f3dicas por mantenimientos t\u00e9cnicos, del mismo modo, el visitante expl\u00edcitamente acepta declinar cualquier responsabilidad, por parte del prestador del servicio, derivada del acceso o uso de SDP. Adem\u00e1s, SDP se reserva el derecho a modificar cualquier tipo de informaci\u00f3n que pudiera aparecer en el sitio web, sin que exista obligaci\u00f3n de aviso previo, o poner en conocimiento de los usuarios dichas obligaciones, entendi\u00e9ndose como suficiente con la publicaci\u00f3n en la presente p\u00e1gina web.<\/p>\n\n\n\n<p>ELUHA puede ofrecer a trav\u00e9s de la presente p\u00e1gina web, servicios o productos que podr\u00e1n encontrarse sometidas a unas condiciones particulares propias, que seg\u00fan los casos, sustituyen, y\/o completan, y\/o modifican las presentes condiciones, dichas condiciones adicionales, ser\u00e1n incluidas en el presente documento.<\/p>\n\n\n\n<p>El uso que usted haga de la presente p\u00e1gina web es, completamente, por su propia cuenta y riesgo, salvo aquellos casos que estipule la legislaci\u00f3n vigente.<\/p>\n\n\n\n<h2 class=\"wp-block-heading\">Licencia de uso<\/h2>\n\n\n\n<p>Toda la informaci\u00f3n contenida en la presente p\u00e1gina web, est\u00e1 proteg\u00eda por copyright. Salvo consentimiento expreso por parte de SDP, queda totalmente prohibida la reproducci\u00f3n total o parcial del contenido de la presente p\u00e1gina web.<\/p>\n\n\n\n<h2 class=\"wp-block-heading\">Condiciones adicionales<\/h2>\n\n\n\n<p>Cualquier uso no autorizado previamente por parte del prestador ser\u00e1 considerado un incumplimiento grave de los derechos de propiedad intelectual o industrial del autor.<\/p>\n\n\n\n<p>Los dise\u00f1os, logotipos, texto y\/o gr\u00e1ficos ajenos al prestador y que pudieran aparecer en el sitio web, pertenecen a sus respectivos propietarios, siendo ellos mismos responsables de cualquier posible controversia que pudiera suscitarse respecto a los mismos. En todo caso, el prestador cuenta con la autorizaci\u00f3n expresa y previa por parte de los mismos.<\/p>\n\n\n\n<p>Para realizar cualquier tipo de observaci\u00f3n respecto a posibles incumplimientos de los derechos de propiedad intelectual o industrial, as\u00ed como sobre cualquiera de los contenidos del sitio web, puede hacerlo a trav\u00e9s del formulario de contacto que se mantiene en el sitio web o a trav\u00e9s del email proporcionado en las presentes condiciones legales.<\/p>\n\n\n\n<h2 class=\"wp-block-heading\">Ley aplicable y jurisdicci\u00f3n<\/h2>\n\n\n\n<p>Para la resoluci\u00f3n de todas las controversias o cuestiones relacionadas con el presente sitio web o de las actividades en \u00e9l desarrolladas, ser\u00e1 de aplicaci\u00f3n la legislaci\u00f3n espa\u00f1ola, a la que se someten expresamente las partes.desarrolladas, ser\u00e1 de aplicaci\u00f3n la legislaci\u00f3n espa\u00f1ola, a la que se someten expresamente las partes.<\/p>\n","protected":false},"excerpt":{"rendered":"<p>SDP Climaven (en adelante SDP). Aceptaci\u00f3n de los t\u00e9rminos de uso La visita o acceso a este sitio web exige la aceptaci\u00f3n de los t\u00e9rminos de uso del mismo que en cada momento se encuentren vigentes en esta direcci\u00f3n. En caso de que no est\u00e9&#8230;<\/p>\n","protected":false},"author":1,"featured_media":0,"parent":0,"menu_order":0,"comment_status":"closed","ping_status":"closed","template":"","meta":{"content-type":"","footnotes":""},"class_list":["post-8378","page","type-page","status-publish","hentry"],"_links":{"self":[{"href":"https:\/\/sdpclimaven.com\/index.php\/wp-json\/wp\/v2\/pages\/8378","targetHints":{"allow":["GET"]}}],"collection":[{"href":"https:\/\/sdpclimaven.com\/index.php\/wp-json\/wp\/v2\/pages"}],"about":[{"href":"https:\/\/sdpclimaven.com\/index.php\/wp-json\/wp\/v2\/types\/page"}],"author":[{"embeddable":true,"href":"https:\/\/sdpclimaven.com\/index.php\/wp-json\/wp\/v2\/users\/1"}],"replies":[{"embeddable":true,"href":"https:\/\/sdpclimaven.com\/index.php\/wp-json\/wp\/v2\/comments?post=8378"}],"version-history":[{"count":2,"href":"https:\/\/sdpclimaven.com\/index.php\/wp-json\/wp\/v2\/pages\/8378\/revisions"}],"predecessor-version":[{"id":8380,"href":"https:\/\/sdpclimaven.com\/index.php\/wp-json\/wp\/v2\/pages\/8378\/revisions\/8380"}],"wp:attachment":[{"href":"https:\/\/sdpclimaven.com\/index.php\/wp-json\/wp\/v2\/media?parent=8378"}],"curies":[{"name":"wp","href":"https:\/\/api.w.org\/{rel}","templated":true}]}}