{"id":8381,"date":"2025-07-30T15:28:49","date_gmt":"2025-07-30T15:28:49","guid":{"rendered":"https:\/\/sdpclimaven.com\/?page_id=8381"},"modified":"2025-07-30T15:28:51","modified_gmt":"2025-07-30T15:28:51","slug":"politica-de-cookies","status":"publish","type":"page","link":"https:\/\/sdpclimaven.com\/index.php\/politica-de-cookies\/","title":{"rendered":"Pol\u00edtica de cookies"},"content":{"rendered":"\n<p>Con la finalidad de poder ofrecer nuestros servicios y obtener informaci\u00f3n estad\u00edstica sobre la navegaci\u00f3n efectuada, SDP Climaven utiliza \u201ccookies\u201d en sus p\u00e1ginas web.<\/p>\n\n\n\n<p>La pol\u00edtica de cookies de SDP Climaven se sujeta a la normativa comunitaria y espa\u00f1ola en vigor, relativa al tratamiento de los datos personales y a la protecci\u00f3n de la intimidad en el sector de las comunicaciones electr\u00f3nicas.<\/p>\n\n\n\n<p><\/p>\n\n\n\n<h2 class=\"wp-block-heading\">\u00bfQu\u00e9 son las cookies?<\/h2>\n\n\n\n<p><\/p>\n\n\n\n<p>Una cookie es un fichero que se descarga en su ordenador al acceder a determinadas p\u00e1ginas web. Las cookies permiten a una p\u00e1gina web, entre otras cosas, almacenar y recuperar informaci\u00f3n sobre los h\u00e1bitos de navegaci\u00f3n de un usuario o de su equipo, en este caso, de forma an\u00f3nima.<\/p>\n\n\n\n<p><\/p>\n\n\n\n<h2 class=\"wp-block-heading\">\u00bfQu\u00e9 tipo de cookies utilizamos?<\/h2>\n\n\n\n<p><\/p>\n\n\n\n<p>Cookies de an\u00e1lisis estad\u00edstico:<\/p>\n\n\n\n<p>Son aquellas que bien tratadas por nosotros o por terceros, nos permiten cuantificar el n\u00famero de usuarios y as\u00ed realizar la medici\u00f3n y an\u00e1lisis estad\u00edstico de la utilizaci\u00f3n que hacen los usuarios de esta web. Para ello se analiza su navegaci\u00f3n con el fin de mejorar la oferta de productos o servicios ofertados.<\/p>\n\n\n\n<p><\/p>\n\n\n\n<h2 class=\"wp-block-heading\">Desactivaci\u00f3n y eliminaci\u00f3n de \u201ccookies\u201c<\/h2>\n\n\n\n<p><\/p>\n\n\n\n<p>Usted puede desactivar el uso de cookies en cualquier momento mediante la modificaci\u00f3n de los par\u00e1metros de configuraci\u00f3n de su navegador de internet:<\/p>\n\n\n\n<p>Para la configuraci\u00f3n de cookies de Internet Explorer<br>Para la configuraci\u00f3n de cookies de Firefox<br>Para la configuraci\u00f3n de cookies de Google Chrome<br>Para la configuraci\u00f3n de cookies de Safari<\/p>\n\n\n\n<p>Le informamos de que la desactivaci\u00f3n de las \u201ccookies\u201d no impide la visualizaci\u00f3n de las p\u00e1ginas de este website ni interfiere en la navegaci\u00f3n.<\/p>\n","protected":false},"excerpt":{"rendered":"<p>Con la finalidad de poder ofrecer nuestros servicios y obtener informaci\u00f3n estad\u00edstica sobre la navegaci\u00f3n efectuada, SDP Climaven utiliza \u201ccookies\u201d en sus p\u00e1ginas web. La pol\u00edtica de cookies de SDP Climaven se sujeta a la normativa comunitaria y espa\u00f1ola en vigor, relativa al tratamiento de&#8230;<\/p>\n","protected":false},"author":1,"featured_media":0,"parent":0,"menu_order":0,"comment_status":"closed","ping_status":"closed","template":"","meta":{"content-type":"","footnotes":""},"class_list":["post-8381","page","type-page","status-publish","hentry"],"_links":{"self":[{"href":"https:\/\/sdpclimaven.com\/index.php\/wp-json\/wp\/v2\/pages\/8381","targetHints":{"allow":["GET"]}}],"collection":[{"href":"https:\/\/sdpclimaven.com\/index.php\/wp-json\/wp\/v2\/pages"}],"about":[{"href":"https:\/\/sdpclimaven.com\/index.php\/wp-json\/wp\/v2\/types\/page"}],"author":[{"embeddable":true,"href":"https:\/\/sdpclimaven.com\/index.php\/wp-json\/wp\/v2\/users\/1"}],"replies":[{"embeddable":true,"href":"https:\/\/sdpclimaven.com\/index.php\/wp-json\/wp\/v2\/comments?post=8381"}],"version-history":[{"count":2,"href":"https:\/\/sdpclimaven.com\/index.php\/wp-json\/wp\/v2\/pages\/8381\/revisions"}],"predecessor-version":[{"id":8383,"href":"https:\/\/sdpclimaven.com\/index.php\/wp-json\/wp\/v2\/pages\/8381\/revisions\/8383"}],"wp:attachment":[{"href":"https:\/\/sdpclimaven.com\/index.php\/wp-json\/wp\/v2\/media?parent=8381"}],"curies":[{"name":"wp","href":"https:\/\/api.w.org\/{rel}","templated":true}]}}